{"id":2520,"date":"2023-05-30T18:33:00","date_gmt":"2023-05-30T21:33:00","guid":{"rendered":"https:\/\/neumaticosgasparin.com.ar\/tienda\/producto\/dunlop-grandtrek-pt3-235-60r18\/"},"modified":"2025-11-13T10:53:49","modified_gmt":"2025-11-13T13:53:49","slug":"dunlop-grandtrek-pt3-235-60r18","status":"publish","type":"product","link":"https:\/\/neumaticosgasparin.com.ar\/tienda\/producto\/dunlop-grandtrek-pt3-235-60r18\/","title":{"rendered":"DUNLOP GRANDTREK PT3 235\/60R18"},"content":{"rendered":"<p><strong><em>Caracter\u00edsticas<\/em><\/strong><\/p>\n<p>Neum\u00e1tico para SUV para uso en caminos pavimentados. Equilibrio perfecto entre alto rendimiento y cuidado medioambiental, para usuarios que disfrutan de una conducci\u00f3n confortable y segura.<\/p>\n<p><strong><em>Ventajas<\/em><\/strong><\/p>\n<ul>\n<li>Alto est\u00e1ndar de manejo y estabilidad.<\/li>\n<li>Mejor rendimiento sobre pavimento h\u00famedo.<\/li>\n<li>Baja resistencia al rodado y bajo nivel de desgaste.<\/li>\n<\/ul>\n","protected":false},"excerpt":{"rendered":"<p>Caracter\u00edsticas Neum\u00e1tico para SUV para uso en caminos pavimentados. Equilibrio perfecto entre alto rendimiento y cuidado medioambiental, para usuarios que disfrutan de una conducci\u00f3n confortable y segura. Ventajas Alto est\u00e1ndar de manejo y estabilidad. Mejor rendimiento sobre pavimento h\u00famedo. Baja resistencia al rodado y bajo nivel de desgaste.<\/p>\n","protected":false},"featured_media":2360,"comment_status":"open","ping_status":"closed","template":"","meta":{"ocean_post_layout":"","ocean_both_sidebars_style":"","ocean_both_sidebars_content_width":0,"ocean_both_sidebars_sidebars_width":0,"ocean_sidebar":"","ocean_second_sidebar":"","ocean_disable_margins":"enable","ocean_add_body_class":"","ocean_shortcode_before_top_bar":"","ocean_shortcode_after_top_bar":"","ocean_shortcode_before_header":"","ocean_shortcode_after_header":"","ocean_has_shortcode":"","ocean_shortcode_after_title":"","ocean_shortcode_before_footer_widgets":"","ocean_shortcode_after_footer_widgets":"","ocean_shortcode_before_footer_bottom":"","ocean_shortcode_after_footer_bottom":"","ocean_display_top_bar":"default","ocean_display_header":"default","ocean_header_style":"","ocean_center_header_left_menu":"","ocean_custom_header_template":"","ocean_custom_logo":0,"ocean_custom_retina_logo":0,"ocean_custom_logo_max_width":0,"ocean_custom_logo_tablet_max_width":0,"ocean_custom_logo_mobile_max_width":0,"ocean_custom_logo_max_height":0,"ocean_custom_logo_tablet_max_height":0,"ocean_custom_logo_mobile_max_height":0,"ocean_header_custom_menu":"","ocean_menu_typo_font_family":"","ocean_menu_typo_font_subset":"","ocean_menu_typo_font_size":0,"ocean_menu_typo_font_size_tablet":0,"ocean_menu_typo_font_size_mobile":0,"ocean_menu_typo_font_size_unit":"px","ocean_menu_typo_font_weight":"","ocean_menu_typo_font_weight_tablet":"","ocean_menu_typo_font_weight_mobile":"","ocean_menu_typo_transform":"","ocean_menu_typo_transform_tablet":"","ocean_menu_typo_transform_mobile":"","ocean_menu_typo_line_height":0,"ocean_menu_typo_line_height_tablet":0,"ocean_menu_typo_line_height_mobile":0,"ocean_menu_typo_line_height_unit":"","ocean_menu_typo_spacing":0,"ocean_menu_typo_spacing_tablet":0,"ocean_menu_typo_spacing_mobile":0,"ocean_menu_typo_spacing_unit":"","ocean_menu_link_color":"","ocean_menu_link_color_hover":"","ocean_menu_link_color_active":"","ocean_menu_link_background":"","ocean_menu_link_hover_background":"","ocean_menu_link_active_background":"","ocean_menu_social_links_bg":"","ocean_menu_social_hover_links_bg":"","ocean_menu_social_links_color":"","ocean_menu_social_hover_links_color":"","ocean_disable_title":"default","ocean_disable_heading":"default","ocean_post_title":"","ocean_post_subheading":"","ocean_post_title_style":"","ocean_post_title_background_color":"","ocean_post_title_background":0,"ocean_post_title_bg_image_position":"","ocean_post_title_bg_image_attachment":"","ocean_post_title_bg_image_repeat":"","ocean_post_title_bg_image_size":"","ocean_post_title_height":0,"ocean_post_title_bg_overlay":0.5,"ocean_post_title_bg_overlay_color":"","ocean_disable_breadcrumbs":"default","ocean_breadcrumbs_color":"","ocean_breadcrumbs_separator_color":"","ocean_breadcrumbs_links_color":"","ocean_breadcrumbs_links_hover_color":"","ocean_display_footer_widgets":"default","ocean_display_footer_bottom":"default","ocean_custom_footer_template":""},"product_cat":[61],"product_tag":[120],"class_list":{"0":"post-2520","1":"product","2":"type-product","3":"status-publish","4":"has-post-thumbnail","6":"product_cat-autos-camionetas","7":"product_tag-dunlop","9":"entry","10":"has-media","12":"first","13":"onbackorder","14":"shipping-taxable","15":"purchasable","16":"product-type-simple","17":"has-product-nav","18":"col","19":"span_1_of_4","20":"owp-content-center","21":"owp-thumbs-layout-vertical","22":"owp-btn-normal","23":"owp-tabs-layout-horizontal","24":"has-no-thumbnails","26":"circle-sale"},"_links":{"self":[{"href":"https:\/\/neumaticosgasparin.com.ar\/tienda\/wp-json\/wp\/v2\/product\/2520","targetHints":{"allow":["GET"]}}],"collection":[{"href":"https:\/\/neumaticosgasparin.com.ar\/tienda\/wp-json\/wp\/v2\/product"}],"about":[{"href":"https:\/\/neumaticosgasparin.com.ar\/tienda\/wp-json\/wp\/v2\/types\/product"}],"replies":[{"embeddable":true,"href":"https:\/\/neumaticosgasparin.com.ar\/tienda\/wp-json\/wp\/v2\/comments?post=2520"}],"wp:featuredmedia":[{"embeddable":true,"href":"https:\/\/neumaticosgasparin.com.ar\/tienda\/wp-json\/wp\/v2\/media\/2360"}],"wp:attachment":[{"href":"https:\/\/neumaticosgasparin.com.ar\/tienda\/wp-json\/wp\/v2\/media?parent=2520"}],"wp:term":[{"taxonomy":"product_cat","embeddable":true,"href":"https:\/\/neumaticosgasparin.com.ar\/tienda\/wp-json\/wp\/v2\/product_cat?post=2520"},{"taxonomy":"product_tag","embeddable":true,"href":"https:\/\/neumaticosgasparin.com.ar\/tienda\/wp-json\/wp\/v2\/product_tag?post=2520"}],"curies":[{"name":"wp","href":"https:\/\/api.w.org\/{rel}","templated":true}]}}