{"id":3566,"date":"2024-10-07T08:52:25","date_gmt":"2024-10-07T11:52:25","guid":{"rendered":"https:\/\/neumaticosgasparin.com.ar\/tienda\/?post_type=product&#038;p=3566"},"modified":"2025-11-13T10:53:41","modified_gmt":"2025-11-13T13:53:41","slug":"dunlop-enasave-ec300-205-55r16","status":"publish","type":"product","link":"https:\/\/neumaticosgasparin.com.ar\/tienda\/producto\/dunlop-enasave-ec300-205-55r16\/","title":{"rendered":"DUNLOP ENASAVE EC300+ 205\/55R16"},"content":{"rendered":"<p><strong>DUNLOP ENASAVE EC300+<\/strong><\/p>\n<p><strong><em>Caracter\u00edsticas<\/em><\/strong><\/p>\n<p>El DUNLOP ENASAVE EC300 + incorpora las diversas tecnolog\u00edas de neum\u00e1ticos de bajo consumo que hemos cultivado en el desarrollo de nuestra serie ENASAVE de neum\u00e1ticos respetuosos con el medio ambiente, lo que los hace id\u00f3neos para cumplir con los altos requisitos de rendimiento ambiental. Los neum\u00e1ticos DUNLOP ENASAVE EC300 + no s\u00f3lo ofrecen una mayor eficiencia de combustible gracias a su reducida resistencia a la rodadura, sino que tambi\u00e9n combinan un rendimiento superior en t\u00e9rminos de seguridad, comodidad de conducci\u00f3n, mayor durabilidad y un excelente frenado en cualquier condici\u00f3n de superficie, tanto seca como mojada.<\/p>\n","protected":false},"excerpt":{"rendered":"<p>DUNLOP ENASAVE EC300+ Caracter\u00edsticas El DUNLOP ENASAVE EC300 + incorpora las diversas tecnolog\u00edas de neum\u00e1ticos de bajo consumo que hemos cultivado en el desarrollo de nuestra serie ENASAVE de neum\u00e1ticos respetuosos con el medio ambiente, lo que los hace id\u00f3neos para cumplir con los altos requisitos de rendimiento ambiental. Los neum\u00e1ticos DUNLOP ENASAVE EC300 + [&hellip;]<\/p>\n","protected":false},"featured_media":2358,"comment_status":"open","ping_status":"closed","template":"","meta":{"ocean_post_layout":"","ocean_both_sidebars_style":"","ocean_both_sidebars_content_width":0,"ocean_both_sidebars_sidebars_width":0,"ocean_sidebar":"0","ocean_second_sidebar":"0","ocean_disable_margins":"enable","ocean_add_body_class":"","ocean_shortcode_before_top_bar":"","ocean_shortcode_after_top_bar":"","ocean_shortcode_before_header":"","ocean_shortcode_after_header":"","ocean_has_shortcode":"","ocean_shortcode_after_title":"","ocean_shortcode_before_footer_widgets":"","ocean_shortcode_after_footer_widgets":"","ocean_shortcode_before_footer_bottom":"","ocean_shortcode_after_footer_bottom":"","ocean_display_top_bar":"default","ocean_display_header":"default","ocean_header_style":"","ocean_center_header_left_menu":"0","ocean_custom_header_template":"0","ocean_custom_logo":0,"ocean_custom_retina_logo":0,"ocean_custom_logo_max_width":0,"ocean_custom_logo_tablet_max_width":0,"ocean_custom_logo_mobile_max_width":0,"ocean_custom_logo_max_height":0,"ocean_custom_logo_tablet_max_height":0,"ocean_custom_logo_mobile_max_height":0,"ocean_header_custom_menu":"0","ocean_menu_typo_font_family":"0","ocean_menu_typo_font_subset":"","ocean_menu_typo_font_size":0,"ocean_menu_typo_font_size_tablet":0,"ocean_menu_typo_font_size_mobile":0,"ocean_menu_typo_font_size_unit":"px","ocean_menu_typo_font_weight":"","ocean_menu_typo_font_weight_tablet":"","ocean_menu_typo_font_weight_mobile":"","ocean_menu_typo_transform":"","ocean_menu_typo_transform_tablet":"","ocean_menu_typo_transform_mobile":"","ocean_menu_typo_line_height":0,"ocean_menu_typo_line_height_tablet":0,"ocean_menu_typo_line_height_mobile":0,"ocean_menu_typo_line_height_unit":"","ocean_menu_typo_spacing":0,"ocean_menu_typo_spacing_tablet":0,"ocean_menu_typo_spacing_mobile":0,"ocean_menu_typo_spacing_unit":"","ocean_menu_link_color":"","ocean_menu_link_color_hover":"","ocean_menu_link_color_active":"","ocean_menu_link_background":"","ocean_menu_link_hover_background":"","ocean_menu_link_active_background":"","ocean_menu_social_links_bg":"","ocean_menu_social_hover_links_bg":"","ocean_menu_social_links_color":"","ocean_menu_social_hover_links_color":"","ocean_disable_title":"default","ocean_disable_heading":"default","ocean_post_title":"","ocean_post_subheading":"","ocean_post_title_style":"","ocean_post_title_background_color":"","ocean_post_title_background":0,"ocean_post_title_bg_image_position":"","ocean_post_title_bg_image_attachment":"","ocean_post_title_bg_image_repeat":"","ocean_post_title_bg_image_size":"","ocean_post_title_height":0,"ocean_post_title_bg_overlay":0.5,"ocean_post_title_bg_overlay_color":"","ocean_disable_breadcrumbs":"default","ocean_breadcrumbs_color":"","ocean_breadcrumbs_separator_color":"","ocean_breadcrumbs_links_color":"","ocean_breadcrumbs_links_hover_color":"","ocean_display_footer_widgets":"default","ocean_display_footer_bottom":"default","ocean_custom_footer_template":"0"},"product_cat":[61],"product_tag":[120],"class_list":{"0":"post-3566","1":"product","2":"type-product","3":"status-publish","4":"has-post-thumbnail","6":"product_cat-autos-camionetas","7":"product_tag-dunlop","9":"entry","10":"has-media","12":"first","13":"onbackorder","14":"shipping-taxable","15":"purchasable","16":"product-type-simple","17":"has-product-nav","18":"col","19":"span_1_of_4","20":"owp-content-center","21":"owp-thumbs-layout-vertical","22":"owp-btn-normal","23":"owp-tabs-layout-horizontal","24":"has-no-thumbnails","26":"circle-sale"},"_links":{"self":[{"href":"https:\/\/neumaticosgasparin.com.ar\/tienda\/wp-json\/wp\/v2\/product\/3566","targetHints":{"allow":["GET"]}}],"collection":[{"href":"https:\/\/neumaticosgasparin.com.ar\/tienda\/wp-json\/wp\/v2\/product"}],"about":[{"href":"https:\/\/neumaticosgasparin.com.ar\/tienda\/wp-json\/wp\/v2\/types\/product"}],"replies":[{"embeddable":true,"href":"https:\/\/neumaticosgasparin.com.ar\/tienda\/wp-json\/wp\/v2\/comments?post=3566"}],"wp:featuredmedia":[{"embeddable":true,"href":"https:\/\/neumaticosgasparin.com.ar\/tienda\/wp-json\/wp\/v2\/media\/2358"}],"wp:attachment":[{"href":"https:\/\/neumaticosgasparin.com.ar\/tienda\/wp-json\/wp\/v2\/media?parent=3566"}],"wp:term":[{"taxonomy":"product_cat","embeddable":true,"href":"https:\/\/neumaticosgasparin.com.ar\/tienda\/wp-json\/wp\/v2\/product_cat?post=3566"},{"taxonomy":"product_tag","embeddable":true,"href":"https:\/\/neumaticosgasparin.com.ar\/tienda\/wp-json\/wp\/v2\/product_tag?post=3566"}],"curies":[{"name":"wp","href":"https:\/\/api.w.org\/{rel}","templated":true}]}}