{"id":3669,"date":"2025-04-23T16:49:39","date_gmt":"2025-04-23T19:49:39","guid":{"rendered":"https:\/\/neumaticosgasparin.com.ar\/tienda\/?post_type=product&#038;p=3669"},"modified":"2025-11-13T10:53:43","modified_gmt":"2025-11-13T13:53:43","slug":"chaoyang-sl369-255-70r16","status":"publish","type":"product","link":"https:\/\/neumaticosgasparin.com.ar\/tienda\/producto\/chaoyang-sl369-255-70r16\/","title":{"rendered":"CHAOYANG SL369 255\/70R16"},"content":{"rendered":"<p>CHAOYANG SL369<\/p>\n<p><em>Caracter\u00edsticas<\/em><\/p>\n<ul>\n<li><span class=\"fontstyle0\">La banda de rodamiento ancha y los surcos escalonados aumentan el \u00e1rea de contacto, mejorando la tracci\u00f3n tanto en rutas pavimentadas como en terrenos fuera de camino.<\/span><\/li>\n<li><span class=\"fontstyle0\">Los surcos en forma de zigzag permiten un drenaje eficiente del agua, asegurando una excelente tracci\u00f3n en superficies mojadas y mayor seguridad en condiciones adversas.<\/span><\/li>\n<li><span class=\"fontstyle0\">Los grandes bloques de la banda de rodamiento ofrecen mayor estabilidad y maniobrabilidad, adem\u00e1s de reducir significativamente el ruido al conducir en autopistas, brindando una experiencia m\u00e1s c\u00f3moda.<\/span><\/li>\n<li><span class=\"fontstyle0\">Los protectores agresivos en los laterales proporcionan un mejor rendimiento fuera de carretera, a\u00f1adiendo agarre adicional en terrenos dif\u00edciles y protegiendo contra cortes y abrasiones en los flancos, lo que prolonga la vida \u00fatil del neum\u00e1tico<\/span><\/li>\n<\/ul>\n","protected":false},"excerpt":{"rendered":"<p>CHAOYANG SL369 Caracter\u00edsticas La banda de rodamiento ancha y los surcos escalonados aumentan el \u00e1rea de contacto, mejorando la tracci\u00f3n tanto en rutas pavimentadas como en terrenos fuera de camino. Los surcos en forma de zigzag permiten un drenaje eficiente del agua, asegurando una excelente tracci\u00f3n en superficies mojadas y mayor seguridad en condiciones adversas. [&hellip;]<\/p>\n","protected":false},"featured_media":3668,"comment_status":"open","ping_status":"closed","template":"","meta":{"ocean_post_layout":"","ocean_both_sidebars_style":"","ocean_both_sidebars_content_width":0,"ocean_both_sidebars_sidebars_width":0,"ocean_sidebar":"0","ocean_second_sidebar":"0","ocean_disable_margins":"enable","ocean_add_body_class":"","ocean_shortcode_before_top_bar":"","ocean_shortcode_after_top_bar":"","ocean_shortcode_before_header":"","ocean_shortcode_after_header":"","ocean_has_shortcode":"","ocean_shortcode_after_title":"","ocean_shortcode_before_footer_widgets":"","ocean_shortcode_after_footer_widgets":"","ocean_shortcode_before_footer_bottom":"","ocean_shortcode_after_footer_bottom":"","ocean_display_top_bar":"default","ocean_display_header":"default","ocean_header_style":"","ocean_center_header_left_menu":"0","ocean_custom_header_template":"0","ocean_custom_logo":0,"ocean_custom_retina_logo":0,"ocean_custom_logo_max_width":0,"ocean_custom_logo_tablet_max_width":0,"ocean_custom_logo_mobile_max_width":0,"ocean_custom_logo_max_height":0,"ocean_custom_logo_tablet_max_height":0,"ocean_custom_logo_mobile_max_height":0,"ocean_header_custom_menu":"0","ocean_menu_typo_font_family":"0","ocean_menu_typo_font_subset":"","ocean_menu_typo_font_size":0,"ocean_menu_typo_font_size_tablet":0,"ocean_menu_typo_font_size_mobile":0,"ocean_menu_typo_font_size_unit":"px","ocean_menu_typo_font_weight":"","ocean_menu_typo_font_weight_tablet":"","ocean_menu_typo_font_weight_mobile":"","ocean_menu_typo_transform":"","ocean_menu_typo_transform_tablet":"","ocean_menu_typo_transform_mobile":"","ocean_menu_typo_line_height":0,"ocean_menu_typo_line_height_tablet":0,"ocean_menu_typo_line_height_mobile":0,"ocean_menu_typo_line_height_unit":"","ocean_menu_typo_spacing":0,"ocean_menu_typo_spacing_tablet":0,"ocean_menu_typo_spacing_mobile":0,"ocean_menu_typo_spacing_unit":"","ocean_menu_link_color":"","ocean_menu_link_color_hover":"","ocean_menu_link_color_active":"","ocean_menu_link_background":"","ocean_menu_link_hover_background":"","ocean_menu_link_active_background":"","ocean_menu_social_links_bg":"","ocean_menu_social_hover_links_bg":"","ocean_menu_social_links_color":"","ocean_menu_social_hover_links_color":"","ocean_disable_title":"default","ocean_disable_heading":"default","ocean_post_title":"","ocean_post_subheading":"","ocean_post_title_style":"","ocean_post_title_background_color":"","ocean_post_title_background":0,"ocean_post_title_bg_image_position":"","ocean_post_title_bg_image_attachment":"","ocean_post_title_bg_image_repeat":"","ocean_post_title_bg_image_size":"","ocean_post_title_height":0,"ocean_post_title_bg_overlay":0.5,"ocean_post_title_bg_overlay_color":"","ocean_disable_breadcrumbs":"default","ocean_breadcrumbs_color":"","ocean_breadcrumbs_separator_color":"","ocean_breadcrumbs_links_color":"","ocean_breadcrumbs_links_hover_color":"","ocean_display_footer_widgets":"default","ocean_display_footer_bottom":"default","ocean_custom_footer_template":"0"},"product_cat":[61],"product_tag":[174],"class_list":{"0":"post-3669","1":"product","2":"type-product","3":"status-publish","4":"has-post-thumbnail","6":"product_cat-autos-camionetas","7":"product_tag-chaoyang","9":"entry","10":"has-media","12":"first","13":"onbackorder","14":"shipping-taxable","15":"purchasable","16":"product-type-simple","17":"has-product-nav","18":"col","19":"span_1_of_4","20":"owp-content-center","21":"owp-thumbs-layout-vertical","22":"owp-btn-normal","23":"owp-tabs-layout-horizontal","24":"has-no-thumbnails","26":"circle-sale"},"_links":{"self":[{"href":"https:\/\/neumaticosgasparin.com.ar\/tienda\/wp-json\/wp\/v2\/product\/3669","targetHints":{"allow":["GET"]}}],"collection":[{"href":"https:\/\/neumaticosgasparin.com.ar\/tienda\/wp-json\/wp\/v2\/product"}],"about":[{"href":"https:\/\/neumaticosgasparin.com.ar\/tienda\/wp-json\/wp\/v2\/types\/product"}],"replies":[{"embeddable":true,"href":"https:\/\/neumaticosgasparin.com.ar\/tienda\/wp-json\/wp\/v2\/comments?post=3669"}],"wp:featuredmedia":[{"embeddable":true,"href":"https:\/\/neumaticosgasparin.com.ar\/tienda\/wp-json\/wp\/v2\/media\/3668"}],"wp:attachment":[{"href":"https:\/\/neumaticosgasparin.com.ar\/tienda\/wp-json\/wp\/v2\/media?parent=3669"}],"wp:term":[{"taxonomy":"product_cat","embeddable":true,"href":"https:\/\/neumaticosgasparin.com.ar\/tienda\/wp-json\/wp\/v2\/product_cat?post=3669"},{"taxonomy":"product_tag","embeddable":true,"href":"https:\/\/neumaticosgasparin.com.ar\/tienda\/wp-json\/wp\/v2\/product_tag?post=3669"}],"curies":[{"name":"wp","href":"https:\/\/api.w.org\/{rel}","templated":true}]}}